{"id":77,"date":"2011-11-01T16:49:20","date_gmt":"2011-11-01T15:49:20","guid":{"rendered":"https:\/\/ya-wali.de\/?page_id=77"},"modified":"2023-01-07T09:21:57","modified_gmt":"2023-01-07T08:21:57","slug":"sufi-meditation-in-muenchen","status":"publish","type":"page","link":"https:\/\/ya-wali.de\/index.php\/sufi-meditation-in-muenchen\/","title":{"rendered":"Regelm\u00e4\u00dfige Meditationen im Rahmen des Inayati Ordens Deutschland"},"content":{"rendered":"<p style=\"text-align: center;\"><strong>Ein Sufi-Weg spiritueller Freiheit.<\/strong><span style=\"color: #ffffff;\">.<\/span><\/p>\n<p><span style=\"color: #ffffff;\">.<\/span><\/p>\n<p style=\"text-align: justify;\">In diesen gef\u00fchrten Meditationen verwenden wir Techniken der Sufis wie Atem-, Licht- Konzentrations- und Pr\u00e4senz\u00fcbungen, sowie Wasaif, Dikr und Gebet. Da der universelle Sufismus ein offenes System darstellt, flie\u00dfen Meditations\u00fcbungen aus diversen spirituellen, mystischen Traditionen, wie Buddhismus, Christentum, Hinduismus, Schamanismus, wie auch Techniken moderner psychologischer Entwicklungen mit ein. Dabei wird im besonderen auch der Bezug und die Anwendbarkeit der \u00dcbungen f\u00fcr unser allt\u00e4gliches Leben betont und immer wieder hergestellt.<\/p>\n<p><span style=\"color: #ffffff;\">.<\/span><\/p>\n<p style=\"text-align: justify;\">&#8211; jeweils <strong>Dienstags um 20.00 Uhr, Einla\u00df ab 19.30 Uhr<\/strong> \u00a0 (keine Veranstaltungen an Feiertagen)<\/p>\n<p><span style=\"color: #ffffff;\">.<\/span><\/p>\n<p><span style=\"text-decoration: underline;\"><strong>Programm:<\/strong><\/span><\/p>\n<p><span style=\"color: #ffffff;\">.<\/span><\/p>\n<table border=\"0\">\n<tbody>\n<tr style=\"background-color: #e9d3d3;\">\n<td align=\"left\" valign=\"top\"><strong>1. Dienstag im Monat<\/strong><\/td>\n<td align=\"left\" valign=\"top\"><\/td>\n<td align=\"left\" valign=\"top\"><em>Espabad<\/em><\/td>\n<td align=\"left\" valign=\"top\"><\/td>\n<td align=\"left\" valign=\"top\">Themenbezogene gef\u00fchrte Meditation<\/td>\n<\/tr>\n<tr>\n<td align=\"left\" valign=\"top\"><\/td>\n<td align=\"left\" valign=\"top\"><\/td>\n<td align=\"left\" valign=\"top\"><\/td>\n<td align=\"left\" valign=\"top\"><\/td>\n<td align=\"left\" valign=\"top\"><\/td>\n<\/tr>\n<tr style=\"background-color: #e9d3d3;\">\n<td align=\"left\" valign=\"top\"><strong>2. Dienstag im Monat<\/strong><\/td>\n<td align=\"left\" valign=\"top\"><\/td>\n<td align=\"left\" valign=\"top\"><em>Ruhia<\/em><\/td>\n<td align=\"left\" valign=\"top\"><\/td>\n<td align=\"left\" valign=\"top\">Texte, \u00dcbungen und Meditation<\/td>\n<\/tr>\n<tr>\n<td align=\"left\" valign=\"top\"><\/td>\n<td align=\"left\" valign=\"top\"><\/td>\n<td align=\"left\" valign=\"top\"><\/td>\n<td align=\"left\" valign=\"top\"><\/td>\n<td align=\"left\" valign=\"top\"><\/td>\n<\/tr>\n<tr style=\"background-color: #e9d3d3;\">\n<td align=\"left\" valign=\"top\"><strong>3. Dienstag im Monat<\/strong><\/td>\n<td align=\"left\" valign=\"top\"><\/td>\n<td align=\"left\" valign=\"top\"><em>Espabad<\/em><\/td>\n<td align=\"left\" valign=\"top\"><\/td>\n<td align=\"left\" valign=\"top\">Dhikr und Stille<\/td>\n<\/tr>\n<tr>\n<td align=\"left\" valign=\"top\"><\/td>\n<td align=\"left\" valign=\"top\"><\/td>\n<td align=\"left\" valign=\"top\"><\/td>\n<td align=\"left\" valign=\"top\"><\/td>\n<td align=\"left\" valign=\"top\"><\/td>\n<\/tr>\n<tr style=\"background-color: #e9d3d3;\">\n<td align=\"left\" valign=\"top\"><strong>4. Dienstag im Monat<\/strong><\/td>\n<td align=\"left\" valign=\"top\"><\/td>\n<td align=\"left\" valign=\"top\"><em>Gloria<\/em><\/td>\n<td align=\"left\" valign=\"top\"><\/td>\n<td align=\"left\" valign=\"top\">Texte, \u00dcbungen und Meditation<\/td>\n<\/tr>\n<tr>\n<td align=\"left\" valign=\"top\"><\/td>\n<td align=\"left\" valign=\"top\"><\/td>\n<td align=\"left\" valign=\"top\"><\/td>\n<td align=\"left\" valign=\"top\"><\/td>\n<td align=\"left\" valign=\"top\"><\/td>\n<\/tr>\n<tr style=\"background-color: #e9d3d3;\">\n<td align=\"left\" valign=\"top\"><strong>5. Dienstag im Monat<\/strong><\/td>\n<td align=\"left\" valign=\"top\"><\/td>\n<td align=\"left\" valign=\"top\"><em>Espabad<\/em><\/td>\n<td align=\"left\" valign=\"top\"><\/td>\n<td align=\"left\" valign=\"top\">Satsang oder \u00dcberraschung<\/td>\n<\/tr>\n<\/tbody>\n<\/table>\n<p>(auf Spendenbasis)<\/p>\n<p><span style=\"color: #ffffff;\">.<\/span><\/p>\n","protected":false},"excerpt":{"rendered":"<p>Ein Sufi-Weg spiritueller Freiheit.. . In diesen gef\u00fchrten Meditationen verwenden wir Techniken der Sufis wie Atem-, Licht- Konzentrations- und Pr\u00e4senz\u00fcbungen, sowie Wasaif, Dikr und Gebet. Da der universelle Sufismus ein offenes System darstellt, flie\u00dfen Meditations\u00fcbungen aus diversen spirituellen, mystischen Traditionen, wie Buddhismus, Christentum, Hinduismus, Schamanismus, wie auch Techniken moderner psychologischer Entwicklungen mit ein. Dabei wird [&hellip;]<\/p>\n","protected":false},"author":5,"featured_media":0,"parent":0,"menu_order":1,"comment_status":"open","ping_status":"closed","template":"site.php","meta":{"footnotes":""},"class_list":["post-77","page","type-page","status-publish","hentry"],"_links":{"self":[{"href":"https:\/\/ya-wali.de\/index.php\/wp-json\/wp\/v2\/pages\/77","targetHints":{"allow":["GET"]}}],"collection":[{"href":"https:\/\/ya-wali.de\/index.php\/wp-json\/wp\/v2\/pages"}],"about":[{"href":"https:\/\/ya-wali.de\/index.php\/wp-json\/wp\/v2\/types\/page"}],"author":[{"embeddable":true,"href":"https:\/\/ya-wali.de\/index.php\/wp-json\/wp\/v2\/users\/5"}],"replies":[{"embeddable":true,"href":"https:\/\/ya-wali.de\/index.php\/wp-json\/wp\/v2\/comments?post=77"}],"version-history":[{"count":15,"href":"https:\/\/ya-wali.de\/index.php\/wp-json\/wp\/v2\/pages\/77\/revisions"}],"predecessor-version":[{"id":133445,"href":"https:\/\/ya-wali.de\/index.php\/wp-json\/wp\/v2\/pages\/77\/revisions\/133445"}],"wp:attachment":[{"href":"https:\/\/ya-wali.de\/index.php\/wp-json\/wp\/v2\/media?parent=77"}],"curies":[{"name":"wp","href":"https:\/\/api.w.org\/{rel}","templated":true}]}}