{"id":6,"date":"2011-10-30T17:16:05","date_gmt":"2011-10-30T16:16:05","guid":{"rendered":"https:\/\/ya-wali.de\/?page_id=6"},"modified":"2025-10-26T10:52:40","modified_gmt":"2025-10-26T09:52:40","slug":"kontakt","status":"publish","type":"page","link":"https:\/\/ya-wali.de\/index.php\/kontakt\/","title":{"rendered":"Kontakt"},"content":{"rendered":"<p style=\"text-align: center;\">YA WALI \u00a0&#8211; Heil- und Meditationszentrum M\u00fcnchen<\/p>\r\n<p style=\"text-align: center;\">im Loft<br \/>Kirchenstra\u00dfe 15<br \/>81675 M\u00fcnchen<\/p>\r\n<p style=\"text-align: center;\">Tel. +49-(0)89\/412 00 312<\/p>\r\n<p style=\"text-align: center;\"><br \/>Email zentrum@ya-wali.de<\/p>\r\n\r\n<p>&nbsp;<\/p>\r\n","protected":false},"excerpt":{"rendered":"<p>YA WALI \u00a0&#8211; Heil- und Meditationszentrum M\u00fcnchen im LoftKirchenstra\u00dfe 1581675 M\u00fcnchen Tel. +49-(0)89\/412 00 312 Email zentrum@ya-wali.de &nbsp;<\/p>\n","protected":false},"author":3,"featured_media":0,"parent":0,"menu_order":0,"comment_status":"closed","ping_status":"closed","template":"site.php","meta":{"footnotes":""},"class_list":["post-6","page","type-page","status-publish","hentry"],"_links":{"self":[{"href":"https:\/\/ya-wali.de\/index.php\/wp-json\/wp\/v2\/pages\/6","targetHints":{"allow":["GET"]}}],"collection":[{"href":"https:\/\/ya-wali.de\/index.php\/wp-json\/wp\/v2\/pages"}],"about":[{"href":"https:\/\/ya-wali.de\/index.php\/wp-json\/wp\/v2\/types\/page"}],"author":[{"embeddable":true,"href":"https:\/\/ya-wali.de\/index.php\/wp-json\/wp\/v2\/users\/3"}],"replies":[{"embeddable":true,"href":"https:\/\/ya-wali.de\/index.php\/wp-json\/wp\/v2\/comments?post=6"}],"version-history":[{"count":6,"href":"https:\/\/ya-wali.de\/index.php\/wp-json\/wp\/v2\/pages\/6\/revisions"}],"predecessor-version":[{"id":142045,"href":"https:\/\/ya-wali.de\/index.php\/wp-json\/wp\/v2\/pages\/6\/revisions\/142045"}],"wp:attachment":[{"href":"https:\/\/ya-wali.de\/index.php\/wp-json\/wp\/v2\/media?parent=6"}],"curies":[{"name":"wp","href":"https:\/\/api.w.org\/{rel}","templated":true}]}}