{"id":227,"date":"2011-11-05T14:17:55","date_gmt":"2011-11-05T13:17:55","guid":{"rendered":"https:\/\/ya-wali.de\/?page_id=227"},"modified":"2021-01-16T20:30:21","modified_gmt":"2021-01-16T19:30:21","slug":"das-zentrum","status":"publish","type":"page","link":"https:\/\/ya-wali.de\/index.php\/das-zentrum\/","title":{"rendered":"Das Zentrum"},"content":{"rendered":"<p style=\"text-align: center;\"><img loading=\"lazy\" decoding=\"async\" class=\"alignnone size-full wp-image-246\" title=\"strich-oben\" src=\"https:\/\/ya-wali.de\/wp-content\/uploads\/2011\/11\/strich-oben.gif\" alt=\"\" width=\"9\" height=\"6\" \/>\u00a0 <a title=\"Universaler Sufismus\" href=\"https:\/\/ya-wali.de\/?page_id=13\">Universaler Sufismus<\/a><\/p>\n<p style=\"text-align: center;\"><img loading=\"lazy\" decoding=\"async\" title=\"strich-oben\" src=\"https:\/\/ya-wali.de\/wp-content\/uploads\/2011\/11\/strich-oben.gif\" alt=\"\" width=\"9\" height=\"6\" \/>\u00a0 <a title=\"Eventlocation\" href=\"https:\/\/ya-wali.de\/?page_id=15\">Eventlocation<\/a><\/p>\n<p style=\"text-align: center;\"><img loading=\"lazy\" decoding=\"async\" title=\"strich-oben\" src=\"https:\/\/ya-wali.de\/wp-content\/uploads\/2011\/11\/strich-oben.gif\" alt=\"\" width=\"9\" height=\"6\" \/>\u00a0 <a title=\"Die Praxis\" href=\"https:\/\/ya-wali.de\/?page_id=17\">Praxis<\/a><\/p>\n<p><span style=\"color: #ffffff;\">\u00a0.<\/span><br \/>\n<span style=\"color: #ffffff;\">.\u00a0<\/span><\/p>\n<p style=\"text-align: center;\"><img decoding=\"async\" title=\"Espabad-web\" src=\"https:\/\/ya-wali.de\/wp-content\/uploads\/2011\/11\/Espabad-web.jpg\" alt=\"\" height=\"auto\" \/><\/p>\n<table border=\"0\" align=\"center\">\n<tbody>\n<tr>\n<td valign=\"top\">Leitung:<\/td>\n<td>Heinz Espabad Kindl<br \/>\nSenior Teacher<br \/>\nmit Team<\/td>\n<\/tr>\n<\/tbody>\n<\/table>\n<p style=\"text-align: center;\"><span style=\"color: #ffffff;\">.<\/span><\/p>\n<p style=\"text-align: center;\"><span style=\"color: #ffffff;\">.<\/span><\/p>\n<p style=\"text-align: center;\">M\u00f6ge dieses Zentrum eine Oase sein f\u00fcr uns und ein Leuchtturm f\u00fcr alle, die sich auf den inneren Weg gemacht haben.<\/p>\n<p style=\"text-align: center;\">M\u00f6ge dieses Zentrum uns erinnern an das wahre Zentrum im Herzen.\u00a0Esp.<\/p>\n","protected":false},"excerpt":{"rendered":"<p>\u00a0 Universaler Sufismus \u00a0 Eventlocation \u00a0 Praxis \u00a0. .\u00a0 Leitung: Heinz Espabad Kindl Senior Teacher mit Team . . M\u00f6ge dieses Zentrum eine Oase sein f\u00fcr uns und ein Leuchtturm f\u00fcr alle, die sich auf den inneren Weg gemacht haben. M\u00f6ge dieses Zentrum uns erinnern an das wahre Zentrum im Herzen.\u00a0Esp.<\/p>\n","protected":false},"author":5,"featured_media":0,"parent":0,"menu_order":0,"comment_status":"closed","ping_status":"closed","template":"single.php","meta":{"footnotes":""},"class_list":["post-227","page","type-page","status-publish","hentry"],"_links":{"self":[{"href":"https:\/\/ya-wali.de\/index.php\/wp-json\/wp\/v2\/pages\/227","targetHints":{"allow":["GET"]}}],"collection":[{"href":"https:\/\/ya-wali.de\/index.php\/wp-json\/wp\/v2\/pages"}],"about":[{"href":"https:\/\/ya-wali.de\/index.php\/wp-json\/wp\/v2\/types\/page"}],"author":[{"embeddable":true,"href":"https:\/\/ya-wali.de\/index.php\/wp-json\/wp\/v2\/users\/5"}],"replies":[{"embeddable":true,"href":"https:\/\/ya-wali.de\/index.php\/wp-json\/wp\/v2\/comments?post=227"}],"version-history":[{"count":6,"href":"https:\/\/ya-wali.de\/index.php\/wp-json\/wp\/v2\/pages\/227\/revisions"}],"predecessor-version":[{"id":131814,"href":"https:\/\/ya-wali.de\/index.php\/wp-json\/wp\/v2\/pages\/227\/revisions\/131814"}],"wp:attachment":[{"href":"https:\/\/ya-wali.de\/index.php\/wp-json\/wp\/v2\/media?parent=227"}],"curies":[{"name":"wp","href":"https:\/\/api.w.org\/{rel}","templated":true}]}}