{"id":225,"date":"2011-11-05T14:17:40","date_gmt":"2011-11-05T13:17:40","guid":{"rendered":"https:\/\/ya-wali.de\/?page_id=225"},"modified":"2020-12-18T17:08:02","modified_gmt":"2020-12-18T16:08:02","slug":"ubernachtungsmoglichkeiten","status":"publish","type":"page","link":"https:\/\/ya-wali.de\/index.php\/kontakt\/ubernachtungsmoglichkeiten\/","title":{"rendered":"\u00dcbernachtung"},"content":{"rendered":"<p><strong>\u00dcbernachtungsm\u00f6glichkeiten in M\u00fcnchen finden Sie hier:<\/strong><\/p>\n<table border=\"0\">\n<tbody>\n<tr>\n<td align=\"right\">\u00a0<a href=\"http:\/\/www.muenchen.de\/uebernachten.html\" target=\"_blank\" rel=\"noopener\"><img loading=\"lazy\" decoding=\"async\" class=\"size-full wp-image-2083 alignleft\" title=\"muenchende\" src=\"https:\/\/ya-wali.de\/wp-content\/uploads\/2011\/11\/muenchende.jpg\" alt=\"\" width=\"128\" height=\"26\" \/><\/a><\/td>\n<td><\/td>\n<td><a style=\"font-family: Georgia, 'Times New Roman', 'Bitstream Charter', Times, serif; font-size: 12.727272033691406px; line-height: 18.99147605895996px;\" href=\"http:\/\/www.muenchen.de\/uebernachten.html\" target=\"_blank\" rel=\"noopener\">http:\/\/www.muenchen.de\/uebernachten.html<\/a><\/td>\n<\/tr>\n<tr>\n<td align=\"right\"><a href=\"http:\/\/www.tripadvisor.de\/Hotels-g187309-Munich_Bavaria-Hotels.html\" target=\"_blank\" rel=\"noopener\"><img loading=\"lazy\" decoding=\"async\" class=\"alignleft size-full wp-image-2091\" title=\"tripadvisor-logo\" src=\"https:\/\/ya-wali.de\/wp-content\/uploads\/2011\/11\/tripadvisor-logo1.jpg\" alt=\"\" width=\"130\" height=\"26\" \/><\/a><\/td>\n<td><\/td>\n<td><a style=\"font-family: Georgia, 'Times New Roman', 'Bitstream Charter', Times, serif; font-size: 12.727272033691406px; line-height: 18.99147605895996px;\" href=\"http:\/\/www.tripadvisor.de\/Hotels-g187309-Munich_Bavaria-Hotels.html\" target=\"_blank\" rel=\"noopener\">http:\/\/www.tripadvisor.de\/Hotels-g187309-Munich_Bavaria-Hotels.html<\/a><\/td>\n<\/tr>\n<tr>\n<td align=\"right\"><a href=\"http:\/\/www.booking.com\/\" target=\"_blank\" rel=\"noopener\"><img loading=\"lazy\" decoding=\"async\" class=\"size-full wp-image-2080 alignleft\" title=\"booking\" src=\"https:\/\/ya-wali.de\/wp-content\/uploads\/2011\/11\/booking.jpg\" alt=\"\" width=\"118\" height=\"20\" \/><\/a><\/td>\n<td><\/td>\n<td><a style=\"font-family: Georgia, 'Times New Roman', 'Bitstream Charter', Times, serif; font-size: 12.727272033691406px; line-height: 18.99147605895996px;\" href=\"http:\/\/www.booking.com\/\" target=\"_blank\" rel=\"noopener\">http:\/\/www.booking.com\/<\/a><\/td>\n<\/tr>\n<tr>\n<td align=\"right\">\u00a0<a href=\"http:\/\/www.agoda.com\/\" target=\"_blank\" rel=\"noopener\"><img loading=\"lazy\" decoding=\"async\" class=\"size-full wp-image-2082 alignleft\" title=\"agoda\" src=\"https:\/\/ya-wali.de\/wp-content\/uploads\/2011\/11\/agoda.jpg\" alt=\"\" width=\"62\" height=\"25\" \/><\/a><\/td>\n<td><\/td>\n<td><a style=\"font-family: Georgia, 'Times New Roman', 'Bitstream Charter', Times, serif; font-size: 12.727272033691406px; line-height: 18.99147605895996px;\" href=\"http:\/\/ajaxsearch.partners.agoda.com\/europe\/germany\/munich.html\" target=\"_blank\" rel=\"noopener\">http:\/\/www.agoda.com\/<\/a><\/td>\n<\/tr>\n<tr>\n<td><\/td>\n<td><\/td>\n<td><\/td>\n<\/tr>\n<\/tbody>\n<\/table>\n<p>&nbsp;<\/p>\n<p><strong style=\"color: #000000;\">in n\u00e4herer Umgebung:<\/strong><\/p>\n<p>ca. 5 min zu Fu\u00df: \u00a0<a href=\"http:\/\/www.mkmuenchen.de\/\" target=\"_blank\" rel=\"noopener\">http:\/\/www.mkmuenchen.de\/<br \/>\n<\/a>ca. 10 min zu Fu\u00df: <a href=\"http:\/\/www.motel-one.com\/de\/hotels\/hotels-muenchen.html\" target=\"_blank\" rel=\"noopener\">http:\/\/www.motel-one.com\/<\/a><\/p>\n<p><strong><br \/>\nJugendherbergen:<br \/>\n<\/strong><a href=\"http:\/\/de.hostelbookers.com\/hostels\/deutschland\/muenchen\/\" target=\"_blank\" rel=\"noopener\">http:\/\/de.hostelbookers.com\/<br \/>\n<\/a><a href=\"http:\/\/www.german.hostelworld.com\/Jugendherbergen\/Munchen\/Deutschland\" target=\"_blank\" rel=\"noopener\">http:\/\/www.german.hostelworld.com\/<\/a><\/p>\n<p><strong>weitere Alternativen:<br \/>\n<\/strong><a href=\"http:\/\/www.couchsurfing.org\/?language_locale=de_DE\" target=\"_blank\" rel=\"noopener\">http:\/\/www.couchsurfing.org\/<br \/>\n<\/a><a href=\"https:\/\/www.airbnb.de\/s\/M%C3%BCnchen-haidhausen?guests=&amp;checkin=&amp;checkout=&amp;ss_id=rqnezt0q&amp;source=bb&amp;s_tag=TMk-eFa6\" target=\"_blank\" rel=\"noopener\">https:\/\/www.airbnb.de\/<\/a>\u00a0&#8211; Private Unterk\u00fcnfte auch in der N\u00e4he<\/p>\n<p><strong>\u00dcbernachtungen im Heil- und Meditationszentrum YA WALI:<br \/>\n<\/strong>Bei manchen Veranstaltungen ist es m\u00f6glich im Veranstaltungsraum im Zentrum zu \u00fcbernachten.\u00a0Bitte Schlafsack und Luftmatratze mitbringen. Es gibt im Zentrum eine K\u00fcche und eine Dusche.<\/p>\n<p>Bitte unbedingt <span style=\"text-decoration: underline;\">vorher<\/span> bei dem jeweiligen Seminarveranstalter anfragen!<\/p>\n<p>&nbsp;<\/p>\n","protected":false},"excerpt":{"rendered":"<p>\u00dcbernachtungsm\u00f6glichkeiten in M\u00fcnchen finden Sie hier: \u00a0 http:\/\/www.muenchen.de\/uebernachten.html http:\/\/www.tripadvisor.de\/Hotels-g187309-Munich_Bavaria-Hotels.html http:\/\/www.booking.com\/ \u00a0 http:\/\/www.agoda.com\/ &nbsp; in n\u00e4herer Umgebung: ca. 5 min zu Fu\u00df: \u00a0http:\/\/www.mkmuenchen.de\/ ca. 10 min zu Fu\u00df: http:\/\/www.motel-one.com\/ Jugendherbergen: http:\/\/de.hostelbookers.com\/ http:\/\/www.german.hostelworld.com\/ weitere Alternativen: http:\/\/www.couchsurfing.org\/ https:\/\/www.airbnb.de\/\u00a0&#8211; Private Unterk\u00fcnfte auch in der N\u00e4he \u00dcbernachtungen im Heil- und Meditationszentrum YA WALI: Bei manchen Veranstaltungen ist es m\u00f6glich im [&hellip;]<\/p>\n","protected":false},"author":3,"featured_media":0,"parent":6,"menu_order":0,"comment_status":"open","ping_status":"closed","template":"site.php","meta":{"footnotes":""},"class_list":["post-225","page","type-page","status-publish","hentry"],"_links":{"self":[{"href":"https:\/\/ya-wali.de\/index.php\/wp-json\/wp\/v2\/pages\/225","targetHints":{"allow":["GET"]}}],"collection":[{"href":"https:\/\/ya-wali.de\/index.php\/wp-json\/wp\/v2\/pages"}],"about":[{"href":"https:\/\/ya-wali.de\/index.php\/wp-json\/wp\/v2\/types\/page"}],"author":[{"embeddable":true,"href":"https:\/\/ya-wali.de\/index.php\/wp-json\/wp\/v2\/users\/3"}],"replies":[{"embeddable":true,"href":"https:\/\/ya-wali.de\/index.php\/wp-json\/wp\/v2\/comments?post=225"}],"version-history":[{"count":5,"href":"https:\/\/ya-wali.de\/index.php\/wp-json\/wp\/v2\/pages\/225\/revisions"}],"predecessor-version":[{"id":131736,"href":"https:\/\/ya-wali.de\/index.php\/wp-json\/wp\/v2\/pages\/225\/revisions\/131736"}],"up":[{"embeddable":true,"href":"https:\/\/ya-wali.de\/index.php\/wp-json\/wp\/v2\/pages\/6"}],"wp:attachment":[{"href":"https:\/\/ya-wali.de\/index.php\/wp-json\/wp\/v2\/media?parent=225"}],"curies":[{"name":"wp","href":"https:\/\/api.w.org\/{rel}","templated":true}]}}