{"id":18464,"date":"2014-04-11T21:38:51","date_gmt":"2014-04-11T19:38:51","guid":{"rendered":"https:\/\/ya-wali.de\/?page_id=18464"},"modified":"2024-09-07T12:03:08","modified_gmt":"2024-09-07T10:03:08","slug":"veroffentlichungen","status":"publish","type":"page","link":"https:\/\/ya-wali.de\/index.php\/veroffentlichungen\/","title":{"rendered":"Ver\u00f6ffentlichungen"},"content":{"rendered":"<p><img loading=\"lazy\" decoding=\"async\" class=\" wp-image-136194 alignleft\" style=\"float: left; margin-left: 0px; margin-right: 10px;\" src=\"https:\/\/ya-wali.de\/wp-content\/uploads\/2024\/09\/vom-unendlichen-weg.jpg\" alt=\"\" width=\"150\" height=\"212\" srcset=\"https:\/\/ya-wali.de\/wp-content\/uploads\/2024\/09\/vom-unendlichen-weg.jpg 329w, https:\/\/ya-wali.de\/wp-content\/uploads\/2024\/09\/vom-unendlichen-weg-212x300.jpg 212w\" sizes=\"auto, (max-width: 150px) 100vw, 150px\" \/><\/p>\n<p style=\"font-weight: 400;\"><strong>VOM UNENDLICHEN WEG &#8211; Autobiographie eines Menschen<br \/>\n<\/strong><em>von Heinz Espabad Kindl<\/em><strong><br \/>\n<\/strong><\/p>\n<p style=\"font-weight: 400;\">Klappentext<br \/>\nDie bewegte Autobiographie des Protagonisten, Heinz Espabad Kindl, zeigt viele, dem Leser sicher nicht unbekannte Facetten auf. Sie f\u00fchrt durch H\u00f6hen und Tiefen, durch Todeserfahrungen und erhellende Wendungen und mag wie ein Spiegel sein, in welchem man sich selbst erkennen und wiederfinden kann.<br \/>\nDieses Buch ist neben dem pers\u00f6nlichen Lebensweg auch ein Zeitzeugnis einer Nachkriegsgeneration, die heute im reifen Alter auf eine unglaubliche Entwicklung zur\u00fcckblickt.<br \/>\nIn vielen kleinen, lehrreichen und am\u00fcsanten Geschichten und Episoden entfaltet sich dieses Buch hin zu einer spirituellen Reise, die ihre Erf\u00fcllung in der Erkenntnis findet, dass wir nicht nur Menschen sind, die eine spirituelle Erfahrung machen, sondern dass wir spirituelle Wesen sind, die auf diesem Planeten eine menschliche Erfahrung machen\u2026<\/p>\n<p>ISBN: Softcover 978-3-384-30105-5, Hardcover 978-3-384-30106-2<\/p>\n<p><a href=\"https:\/\/www.amazon.de\/Vom-unendlichen-Weg-Autobiographie-Menschen\/dp\/3384106261\/ref=sr_1_1?__mk_de_DE=%C3%85M%C3%85%C5%BD%C3%95%C3%91&amp;crid=256ARSK11RVY3&amp;dib=eyJ2IjoiMSJ9.pMZGWzunKrMWcYmzyAis0uqcPv0CzcfIyLGrqszTOGVbRMRsn_xDFBVYBX4ijdqxkU01lvcD8snWss2lDBvB-JIQA1WGFmI3aMC1go74ENgQqZaIPn4Tlh48qlyl1ppVZlocn3GVhiapbXhj3s2Qvv-iJ-m9rsVMr7NkwRM3cKVOkaMDx4J0sSEosrSLTfm5_BdkoyWqlGuP5qSLfpRXuvI1-ADObgzE7mPtuj8DRVE.5T6bdZ1UBD8rZXODCYZyUdnQyUupJZnsAItmcxhUa_Y&amp;dib_tag=se&amp;keywords=vom+unendlichen+weg&amp;qid=1725702762&amp;sprefix=vom+unendlichen+weg%2Caps%2C83&amp;sr=8-1\" target=\"_blank\" rel=\"noopener\">HIER k\u00f6nnen Sie das Buch online erwerben<\/a><\/p>\n<hr \/>\n<p><img loading=\"lazy\" decoding=\"async\" class=\"alignleft wp-image-131891\" style=\"float: left; margin-left: 0px; margin-right: 10px;\" src=\"https:\/\/ya-wali.de\/wp-content\/uploads\/2021\/01\/umgekrempelt.jpg\" alt=\"\" width=\"150\" height=\"239\" \/><\/p>\n<p style=\"font-weight: 400;\">Buchempfehlung:<strong><br \/>\n&#8222;UMGEKREMPELT. Wenn Menschen dem Ruf der Liebe folgen&#8220;<\/strong><br \/>\n<strong>Ungewo\u0308hnliche Lebenswege und theologische Gespra\u0308che zur Inspiration und Orientierung<\/strong><br \/>\n<em>von Barbara Nobis<\/em><\/p>\n<p style=\"font-weight: 400;\"><em>mit einem Beitrag von und mit Heinz Esp. Kindl<\/em><\/p>\n<p><span id=\"ctl00_ContentUnderTitle_productDetailRightRow_lblLength\">Seitenanzahl: 492<br \/>\n<\/span><span id=\"ctl00_ContentUnderTitle_productDetailRightRow_lblISBN\">ISBN: 978-3-347-08726-2<\/span><\/p>\n<p><a href=\"https:\/\/publish-books.tredition.de\/tredition\/Customer\/DownloadExtract.ashx?productId=134904&amp;ExtractType=Extract&amp;cachebuster=84f3c12d-7e6c-4a2b-b121-eacf7aa9658c\" target=\"_blank\" rel=\"noopener\">Leseprobe<\/a><\/p>\n<p><a href=\"https:\/\/tredition.de\/autoren\/barbara-nobis-32163\/umgekrempelt-wenn-menschen-dem-ruf-der-liebe-folgen-paperback-135141\/\" target=\"_blank\" rel=\"noopener\">HIER k\u00f6nnen Sie das Buch online erwerben<\/a><\/p>\n<p>&nbsp;<\/p>\n<hr \/>\n<p><img loading=\"lazy\" decoding=\"async\" class=\"alignleft wp-image-18466\" style=\"float: left; margin-left: 0px; margin-right: 10px;\" src=\"https:\/\/ya-wali.de\/wp-content\/uploads\/2014\/04\/vom_endlichen_weg.jpg\" alt=\"vom_endlichen_weg\" width=\"150\" height=\"237\" srcset=\"https:\/\/ya-wali.de\/wp-content\/uploads\/2014\/04\/vom_endlichen_weg.jpg 227w, https:\/\/ya-wali.de\/wp-content\/uploads\/2014\/04\/vom_endlichen_weg-189x300.jpg 189w\" sizes=\"auto, (max-width: 150px) 100vw, 150px\" \/><\/p>\n<p><span style=\"font-size: medium;\"><strong>&#8222;Vom endlichen Weg &#8211;<br \/>\n<\/strong><\/span><span style=\"font-size: medium;\"><strong>Eine Symphonie der Hoffnung&#8220;<br \/>\n<\/strong><\/span><strong>Psychogramm eines modernen Sufi<\/strong><br \/>\n<em>von Heinz Espabad Kindl<\/em><\/p>\n<p style=\"font-weight: 400;\">Seitenzahl: 150<br \/>\nAb jetzt zu bestellen bei:<br \/>\nVerlag: tredition \u00a0\u00a0ISBN: 978-3-347-95635-3 oder bei Amazon<\/p>\n<p><a href=\"https:\/\/ya-wali.de\/wp-content\/uploads\/2014\/04\/Leseprobe.pdf\" target=\"_blank\" rel=\"noopener\">Leseprobe<\/a><\/p>\n<p>&nbsp;<\/p>\n<p style=\"text-align: justify;\">Dieses Buch reflektiert eine Lebensreise ins Innere, auf der wir uns selbst und dem gro\u00dfen Mysterium begegnen. Es hilft, die Mechanismen des menschlichen Handelns zu erforschen und einschr\u00e4nkende sowie das Leben hemmende Strukturen loszulassen. Auf eine wohltuende Weise werden die Grenzen der \u00fcblichen rationalen, intellektuellen Ebene \u00fcberschritten.<\/p>\n<p>\u00dcber die dem Buch eigene Poesie taucht der Leser ein in eine Welt der Sch\u00f6nheit, die ihn von den Verkrustungen der Konventionen zu l\u00f6sen vermag. Das Spiel mit Worten f\u00fchrt den Leser \u00fcber einzelne Stationen in sein Inneres. Die acht Kapitel werden jeweils von einer praktischen, meditativen \u00dcbung abgeschlossen, die die innere Arbeit des Lesers zus\u00e4tzlich unterst\u00fctzten.<\/p>\n<p>Auf ebenso entspannte wie humorvolle Weise f\u00fchrt das Buch somit schrittweise durch die inneren Prozesse der Bewusstwerdung und Heilung. Emotionale Blockaden werden auf einer energetischen, auf einer spirituellen Ebene gel\u00f6st. Seine Weisheitslehre sch\u00f6pft der Autor dabei haupts\u00e4chlich aus der ideologiefreien Religiosit\u00e4t eines universalen Sufismus nach Hazrat Inayat Khan. Das Buch enth\u00e4lt dazu auch eine Einf\u00fchrung.<\/p>\n<p>\u201eDas Geheimnis des inneren Weges ist, dass es kein Weg ist, denn das, was du suchst, ist immer da und \u00fcberall. Das Einzige, was zwischen dir und deinem Ziel steht, ist deine Vorstellung von einem Weg, ist deine Vorstellung, dass etwas dazwischen steht.\u201c (S. 47)<\/p>\n<hr \/>\n<p><img loading=\"lazy\" decoding=\"async\" class=\"alignleft wp-image-131890\" style=\"float: left; margin-left: 0px; margin-right: 10px;\" src=\"https:\/\/ya-wali.de\/wp-content\/uploads\/2021\/01\/vom-inneren-Weg.jpg\" alt=\"\" width=\"150\" height=\"216\" \/><\/p>\n<p style=\"font-weight: 400;\"><strong>\u201eVom inneren Weg\u201c<br \/>\nHeilende Poesie \u2013 200 Sentenzen und Prosagedichte<br \/>\n<\/strong><em>von Heinz Esp. Kindl<\/em><\/p>\n<p>&nbsp;<\/p>\n<p style=\"font-weight: 400;\">ISBN 978-3-8301-1098-9<br \/>\n2007 by R.G. Fischer Verlag<\/p>\n<p>(zur Zeit vergriffen)<\/p>\n<p>&nbsp;<\/p>\n<p>&nbsp;<\/p>\n<p>&nbsp;<\/p>\n<p>&nbsp;<\/p>\n<p>&nbsp;<\/p>\n<p>&nbsp;<\/p>\n","protected":false},"excerpt":{"rendered":"<p>VOM UNENDLICHEN WEG &#8211; Autobiographie eines Menschen von Heinz Espabad Kindl Klappentext Die bewegte Autobiographie des Protagonisten, Heinz Espabad Kindl, zeigt viele, dem Leser sicher nicht unbekannte Facetten auf. Sie f\u00fchrt durch H\u00f6hen und Tiefen, durch Todeserfahrungen und erhellende Wendungen und mag wie ein Spiegel sein, in welchem man sich selbst erkennen und wiederfinden kann. [&hellip;]<\/p>\n","protected":false},"author":5,"featured_media":0,"parent":0,"menu_order":0,"comment_status":"closed","ping_status":"closed","template":"site.php","meta":{"footnotes":""},"class_list":["post-18464","page","type-page","status-publish","hentry"],"_links":{"self":[{"href":"https:\/\/ya-wali.de\/index.php\/wp-json\/wp\/v2\/pages\/18464","targetHints":{"allow":["GET"]}}],"collection":[{"href":"https:\/\/ya-wali.de\/index.php\/wp-json\/wp\/v2\/pages"}],"about":[{"href":"https:\/\/ya-wali.de\/index.php\/wp-json\/wp\/v2\/types\/page"}],"author":[{"embeddable":true,"href":"https:\/\/ya-wali.de\/index.php\/wp-json\/wp\/v2\/users\/5"}],"replies":[{"embeddable":true,"href":"https:\/\/ya-wali.de\/index.php\/wp-json\/wp\/v2\/comments?post=18464"}],"version-history":[{"count":23,"href":"https:\/\/ya-wali.de\/index.php\/wp-json\/wp\/v2\/pages\/18464\/revisions"}],"predecessor-version":[{"id":136196,"href":"https:\/\/ya-wali.de\/index.php\/wp-json\/wp\/v2\/pages\/18464\/revisions\/136196"}],"wp:attachment":[{"href":"https:\/\/ya-wali.de\/index.php\/wp-json\/wp\/v2\/media?parent=18464"}],"curies":[{"name":"wp","href":"https:\/\/api.w.org\/{rel}","templated":true}]}}