{"id":15,"date":"2011-10-30T17:20:35","date_gmt":"2011-10-30T16:20:35","guid":{"rendered":"https:\/\/ya-wali.de\/?page_id=15"},"modified":"2021-01-16T20:47:00","modified_gmt":"2021-01-16T19:47:00","slug":"eventlocation","status":"publish","type":"page","link":"https:\/\/ya-wali.de\/index.php\/eventlocation\/","title":{"rendered":"Eventlocation"},"content":{"rendered":"<p style=\"text-align: justify;\">Das Loft (220m\u00b2)bietet einen wundervollen Rahmen vor einem weltanschaulich neutralen Hintergrund f\u00fcr Veranstaltungen aller Art &#8211; Vortr\u00e4ge, Konzerte, Seminare, Feste &#8211; die uns hineinf\u00fchren in die Tiefen des Seins und hinaus in die Weite, Freude und Kreativit\u00e4t des Lebens.<\/p>\n<p style=\"text-align: justify;\">Das Loft k\u00f6nnen Sie mieten. Infos unter <a href=\"https:\/\/ya-wali.de\/index.php\/email-an-zentrumya-wali-de\/\">zentrum@ya-wali.de<\/a>.<\/p>\n<p style=\"text-align: justify;\"><span style=\"color: #ffffff;\">0<\/span><\/p>\n<p style=\"text-align: justify;\"><span style=\"color: #ffffff;\">o<\/span><\/p>\n<p style=\"text-align: center;\">Hier ein paar erste Eindr\u00fccke vom Zentrum:<\/p>\n<p style=\"text-align: center;\"><img decoding=\"async\"  title=\"DSCN0101\" src=\"https:\/\/ya-wali.de\/wp-content\/uploads\/2011\/10\/DSCN0101.jpg\" alt=\"\" width=\"100%\" max-width=\"425\" height=\"auto\" \/><br \/>\nDas Heil- und Meditationszentrum YA WALI &#8211;<br \/>\ngelegen in einem geschmackvoll renovierten Altbau&#8230;<\/p>\n<p style=\"text-align: center;\"><img decoding=\"async\" title=\"DSCN0112\" src=\"https:\/\/ya-wali.de\/wp-content\/uploads\/2011\/10\/DSCN0112.jpg\" alt=\"\" width=\"100%\" max-width=\"425\" height=\"auto\" \/><br \/>\nder Veranstaltungsraum (ca. 130 m\u00b2)&#8230;<\/p>\n<p style=\"text-align: center;\"><a href=\"https:\/\/ya-wali.de\/wp-content\/uploads\/2011\/10\/DSCN0096.jpg\"><img decoding=\"async\"  title=\"DSCN0096\" src=\"https:\/\/ya-wali.de\/wp-content\/uploads\/2011\/10\/DSCN0096.jpg\" alt=\"\" width=\"100%\" max-width=\"425\" height=\"auto\" \/><br \/>\n<\/a>die voll ausgestattete K\u00fcche (ca. 27 m\u00b2)<\/p>\n","protected":false},"excerpt":{"rendered":"<p>Das Loft (220m\u00b2)bietet einen wundervollen Rahmen vor einem weltanschaulich neutralen Hintergrund f\u00fcr Veranstaltungen aller Art &#8211; Vortr\u00e4ge, Konzerte, Seminare, Feste &#8211; die uns hineinf\u00fchren in die Tiefen des Seins und hinaus in die Weite, Freude und Kreativit\u00e4t des Lebens. Das Loft k\u00f6nnen Sie mieten. Infos unter zentrum@ya-wali.de. 0 o Hier ein paar erste Eindr\u00fccke vom [&hellip;]<\/p>\n","protected":false},"author":5,"featured_media":0,"parent":0,"menu_order":0,"comment_status":"closed","ping_status":"closed","template":"site.php","meta":{"footnotes":""},"class_list":["post-15","page","type-page","status-publish","hentry"],"_links":{"self":[{"href":"https:\/\/ya-wali.de\/index.php\/wp-json\/wp\/v2\/pages\/15","targetHints":{"allow":["GET"]}}],"collection":[{"href":"https:\/\/ya-wali.de\/index.php\/wp-json\/wp\/v2\/pages"}],"about":[{"href":"https:\/\/ya-wali.de\/index.php\/wp-json\/wp\/v2\/types\/page"}],"author":[{"embeddable":true,"href":"https:\/\/ya-wali.de\/index.php\/wp-json\/wp\/v2\/users\/5"}],"replies":[{"embeddable":true,"href":"https:\/\/ya-wali.de\/index.php\/wp-json\/wp\/v2\/comments?post=15"}],"version-history":[{"count":5,"href":"https:\/\/ya-wali.de\/index.php\/wp-json\/wp\/v2\/pages\/15\/revisions"}],"predecessor-version":[{"id":131817,"href":"https:\/\/ya-wali.de\/index.php\/wp-json\/wp\/v2\/pages\/15\/revisions\/131817"}],"wp:attachment":[{"href":"https:\/\/ya-wali.de\/index.php\/wp-json\/wp\/v2\/media?parent=15"}],"curies":[{"name":"wp","href":"https:\/\/api.w.org\/{rel}","templated":true}]}}