{"id":1454,"date":"2012-12-16T11:52:32","date_gmt":"2012-12-16T10:52:32","guid":{"rendered":"https:\/\/ya-wali.de\/?page_id=1454"},"modified":"2013-07-21T18:41:48","modified_gmt":"2013-07-21T16:41:48","slug":"teilnahmebedingungen","status":"publish","type":"page","link":"https:\/\/ya-wali.de\/index.php\/teilnahmebedingungen\/","title":{"rendered":"Teilnahmebedingungen"},"content":{"rendered":"<p style=\"text-align: justify;\"><strong>Vorliegende Teilnahmebedingungen gelten f\u00fcr alle Veranstaltungen, die im Heil- und Meditationszentrum YA WALI ausgerichtet werden. Der Teilnehmende erkennt die Bedingungen durch seine Anmeldung bzw. Teilnahme an.<\/strong><\/p>\n<p style=\"text-align: justify;\"><strong>1. Anmeldungen<\/strong><br \/>\nOb eine Anmeldung erforderlich ist, entnehmen Sie bitte der jeweiligen Veranstaltungsbeschreibung.<br \/>\nF\u00fcr Seminare bitten wir um Anmeldung per E-Mail-Formular, aufrufbar \u00fcber den auf der jeweiligen Seminarseite angegebenen Link, oder per Brief\/Postkarte.<br \/>\nDie Anmeldung wird verbindlich durch \u00dcberweisung der Seminargeb\u00fchr oder einer in der Best\u00e4tigungsmail evtl. angegebenen Anzahlung auf das jeweils angegebene Bankkonto.<\/p>\n<p style=\"text-align: justify;\"><strong>2. R\u00fccktritt (gilt nur f\u00fcr Seminare\/Veranstaltungen mit begrenzter Teilnehmerzahl und Vorauszahlung)<\/strong><br \/>\nBei R\u00fccktritt innerhalb von vier Wochen vor Seminarbeginn wird die unter Punkt 3 genannte Anzahlungsgeb\u00fchr, maximal jedoch die H\u00e4lfte der Seminargeb\u00fchr f\u00e4llig. Bei vorzeitigem Verlassen einer Veranstaltung erfolgt keine Erstattung. Bei krankheitsbedingtem R\u00fccktritt und Vorlage eines \u00e4rztlichen Attestes wird die bereits gezahlte Geb\u00fchr vollst\u00e4ndig erstattet.<\/p>\n<p style=\"text-align: justify;\"><strong>3. Ausfall<\/strong><br \/>\nBei Unterbelegung einer Veranstaltung behalten wir uns vor, die Veranstaltung ausfallen zu lassen. Die bereits gezahlte Geb\u00fchr wird dann vollst\u00e4ndig zur\u00fcckerstattet, nicht jedoch Ihre Reisekosten. Es empfiehlt sich daher, daf\u00fcr eine R\u00fccktrittsversicherung abzuschlie\u00dfen.<br \/>\nWeitere Anspr\u00fcche bestehen nicht. (Seminarversicherung: z.B. ERV Seminar-R\u00fccktrittsversicherung <a href=\"http:\/\/www.reiseversicherung.com\/reiseversicherungen\/reiseruecktrittsversicherung\/seminar_ruecktrittsversicherung\/erv_seminar_versicherung.html\" target=\"_blank\">http:\/\/www.reiseversicherung.com\/)<\/a><\/p>\n<p style=\"text-align: justify;\"><strong>4. Werbung<\/strong><br \/>\nEs ist nicht gestattet in den Veranstaltungen ohne Genehmigung Werbung f\u00fcr eigene Zwecke oder Veranstaltungen Dritter zu machen.<\/p>\n<p style=\"text-align: justify;\"><strong>5. Schuhe<br \/>\n<\/strong>Der Veranstaltungsraum des YA WALI darf nicht mit Stra\u00dfenschuhen betreten werden, bitte bringen Sie dicke Socken oder leichte Sportschuhe mit.<\/p>\n<p style=\"text-align: justify;\"><strong>6. Garderobe\/Fundsachen<\/strong><br \/>\nF\u00fcr Garderobe wird keine Haftung \u00fcbernommen. Fundsachen werden nur auf Anfrage nachgesandt. Eine Haftung f\u00fcr Verlust, Verz\u00f6gerung und Besch\u00e4digung ist ausgeschlossen.<\/p>\n<p style=\"text-align: justify;\"><strong>7. Haftungsausschluss<\/strong><br \/>\nDie angebotenen Veranstaltungen und Seminare beinhalten z.Teil Methoden der Meditation, bei denen unter Umst\u00e4nden tiefsitzende Emotionen und Muster zum Vorschein kommen k\u00f6nnen. Jede\/r Teilnehmer\/in entscheidet selbst, inwieweit er\/sie sich auf die angebotenen Prozesse einl\u00e4sst. Die Veranstaltungen ersetzen keine Therapie und keine \u00e4rztliche Behandlung.<\/p>\n<p style=\"text-align: justify;\"><strong>Mit seiner Anmeldung bzw. Teilnahme erkl\u00e4rt jeder Teilnehmer, da\u00df er allein verantwortlich ist f\u00fcr seinen seelischen\/geistigen und k\u00f6rperlichen Gesundheitszustand und stellt sowohl den Veranstalter, als auch das Heil- und Meditationszentrum YA WALI von allen diesbez\u00fcglichen Anspr\u00fcchen frei.<\/strong><\/p>\n","protected":false},"excerpt":{"rendered":"<p>Vorliegende Teilnahmebedingungen gelten f\u00fcr alle Veranstaltungen, die im Heil- und Meditationszentrum YA WALI ausgerichtet werden. Der Teilnehmende erkennt die Bedingungen durch seine Anmeldung bzw. Teilnahme an. 1. Anmeldungen Ob eine Anmeldung erforderlich ist, entnehmen Sie bitte der jeweiligen Veranstaltungsbeschreibung. F\u00fcr Seminare bitten wir um Anmeldung per E-Mail-Formular, aufrufbar \u00fcber den auf der jeweiligen Seminarseite angegebenen [&hellip;]<\/p>\n","protected":false},"author":3,"featured_media":0,"parent":0,"menu_order":0,"comment_status":"closed","ping_status":"closed","template":"site.php","meta":{"footnotes":""},"class_list":["post-1454","page","type-page","status-publish","hentry"],"_links":{"self":[{"href":"https:\/\/ya-wali.de\/index.php\/wp-json\/wp\/v2\/pages\/1454","targetHints":{"allow":["GET"]}}],"collection":[{"href":"https:\/\/ya-wali.de\/index.php\/wp-json\/wp\/v2\/pages"}],"about":[{"href":"https:\/\/ya-wali.de\/index.php\/wp-json\/wp\/v2\/types\/page"}],"author":[{"embeddable":true,"href":"https:\/\/ya-wali.de\/index.php\/wp-json\/wp\/v2\/users\/3"}],"replies":[{"embeddable":true,"href":"https:\/\/ya-wali.de\/index.php\/wp-json\/wp\/v2\/comments?post=1454"}],"version-history":[{"count":0,"href":"https:\/\/ya-wali.de\/index.php\/wp-json\/wp\/v2\/pages\/1454\/revisions"}],"wp:attachment":[{"href":"https:\/\/ya-wali.de\/index.php\/wp-json\/wp\/v2\/media?parent=1454"}],"curies":[{"name":"wp","href":"https:\/\/api.w.org\/{rel}","templated":true}]}}