{"id":13,"date":"2011-10-30T17:20:08","date_gmt":"2011-10-30T16:20:08","guid":{"rendered":"https:\/\/ya-wali.de\/?page_id=13"},"modified":"2021-01-31T11:32:26","modified_gmt":"2021-01-31T10:32:26","slug":"universaler-sufismus","status":"publish","type":"page","link":"https:\/\/ya-wali.de\/index.php\/universaler-sufismus\/","title":{"rendered":"Universaler Sufismus"},"content":{"rendered":"<p style=\"text-align: justify;\"><strong>Sufismus<\/strong> ist eine uralte Weisheit und zugleich eine Methode der geistigen Schulung, die den Menschen bef\u00e4higen soll, diese Weisheit in seinem t\u00e4glichen Leben zu verwirklichen.<br \/>\nWer dem Universalen Sufismus folgen will, wie ihn Hazrat Inayat Khan und seine Nachfolger gelehrt haben und lehren, ist nicht auf bestimmte Dogmen, Rituale oder spirituelle Techniken festgelegt. Der Universale Sufismus baut eine Br\u00fccke \u00fcber die Unterschiede und Grenzen hinweg, die die Menschen und Religionen voneinander trennen. Er erm\u00f6glicht jedem Menschen auch, seine eigene Religion besser zu verstehen und zu leben, weshalb jeder diesen Weg gehen kann, unabh\u00e4ngig von seiner Religionszugeh\u00f6rigkeit oder Weltanschauung.<\/p>\n<p style=\"text-align: justify;\">Sufismus bedeutet nicht R\u00fcckzug aus der Welt, sondern ein bewusstes Eintauchen ins Leben. Er unterst\u00fctzt uns, unsere Ideale mit unserem Alltagsleben zu verbinden.<\/p>\n<p>&nbsp;<\/p>\n<table border=\"0\" align=\"left\">\n<tbody>\n<tr>\n<td style=\"vertical-align: top;\"><a href=\"https:\/\/ya-wali.de\/wp-content\/uploads\/2011\/10\/murshid.jpg\"><img loading=\"lazy\" decoding=\"async\" class=\"alignleft size-full wp-image-347\" title=\"murshid\" src=\"https:\/\/ya-wali.de\/wp-content\/uploads\/2011\/10\/murshid.jpg\" alt=\"\" width=\"100\" height=\"125\" \/><\/a><\/td>\n<td align=\"left\" valign=\"top\"><strong>Hazrat Inayat Khan<\/strong>,\u00a0ein bedeutender indischer Musiker (geb. 1882), begann im Jahr 1910 als erster einen \u00fcberkonfessionellen, universalen Sufismus in Amerika und Europa zu lehren. Er wurde von seinem Murshid der der Chisti-Tradition entstammt, in den Westen geschickt, mit dem Auftrag \u201cOst und West in Harmonie zu vereinen\u201d. 1910 verlie\u00df er Indien, bereiste die USA und gr\u00fcndete sp\u00e4ter in England den\u00a0<a href=\"http:\/\/www.sufiorden.de\/\" target=\"_blank\" rel=\"noopener\">Internationalen Sufiorden<\/a>.<\/td>\n<\/tr>\n<tr>\n<td style=\"vertical-align: top;\"><a href=\"https:\/\/ya-wali.de\/wp-content\/uploads\/2011\/10\/pirvilayat.jpg\"><img loading=\"lazy\" decoding=\"async\" class=\"alignleft size-full wp-image-349\" title=\"pirvilayat\" src=\"https:\/\/ya-wali.de\/wp-content\/uploads\/2011\/10\/pirvilayat.jpg\" alt=\"\" width=\"100\" height=\"125\" \/><\/a><\/td>\n<td align=\"left\" valign=\"top\">Sein Nachfolger\u00a0<strong>Pir Vilayat Inayat Khan<\/strong>\u00a0(1916-2004) verkn\u00fcpfte die zeitlosen Erkenntnisse der Sufi-Mystik mit der modernen Psychologie, Naturwissenschaft, und Philosophie, und\u00a0bereicherte wesentlich die Musikpraxis des universalen Sufismus.<\/td>\n<\/tr>\n<tr>\n<td style=\"vertical-align: top;\"><a href=\"https:\/\/ya-wali.de\/wp-content\/uploads\/2011\/10\/pirzia.jpg\"><img loading=\"lazy\" decoding=\"async\" class=\"alignleft size-full wp-image-350\" title=\"pirzia\" src=\"https:\/\/ya-wali.de\/wp-content\/uploads\/2011\/10\/pirzia.jpg\" alt=\"\" width=\"100\" height=\"125\" \/><\/a><\/td>\n<td align=\"left\" valign=\"top\">Seit 2004 leitet\u00a0<strong>Pir Zia Inayat Khan<\/strong> die <a href=\"https:\/\/www.inayatiyya.de\/\" target=\"_blank\" rel=\"noopener\">Inayatiyya<\/a>.<\/td>\n<\/tr>\n<\/tbody>\n<\/table>\n<p><span style=\"font-size: small;\"><span style=\"line-height: normal;\">\u00a0<\/span><\/span><\/p>\n<p>&nbsp;<\/p>\n<p><strong>Die zehn Sufi-Gedanken von Hazrat Inayat Khan<\/strong><\/p>\n<table border=\"0\">\n<tbody>\n<tr align=\"left\" valign=\"top\">\n<td>&#8211;<\/td>\n<td><span style=\"font-family: Georgia, 'Times New Roman', 'Bitstream Charter', Times, serif; font-size: 13px; line-height: 19px;\">Es gibt einen Gott, den Ewigen, den Einzig Seienden;\u00a0nichts besteht <\/span><span style=\"font-family: Georgia, 'Times New Roman', 'Bitstream Charter', Times, serif; font-size: 13px; line-height: 19px;\">ausser Ihm.<\/span><\/td>\n<\/tr>\n<tr align=\"left\" valign=\"top\">\n<td>&#8211;<\/td>\n<td><span style=\"font-family: Georgia, 'Times New Roman', 'Bitstream Charter', Times, serif; font-size: 13px; line-height: 19px;\">Es gibt einen Meister, den f\u00fchrenden Geist aller Seelen, der alle, die ihm\u00a0<\/span><span style=\"font-family: Georgia, 'Times New Roman', 'Bitstream Charter', Times, serif; font-size: 13px; line-height: 19px;\">folgen, unabl\u00e4ssig dem Lichte entgegenf\u00fchrt.<\/span><\/td>\n<\/tr>\n<tr align=\"left\" valign=\"top\">\n<td>&#8211;<\/td>\n<td><span style=\"font-family: Georgia, 'Times New Roman', 'Bitstream Charter', Times, serif; font-size: 13px; line-height: 19px;\">Es gibt eine heilige Schrift; das heilige Buch der Natur, die einzige Schrift,\u00a0<\/span><span style=\"font-family: Georgia, 'Times New Roman', 'Bitstream Charter', Times, serif; font-size: 13px; line-height: 19px;\">die den Leser erleuchten kann.<\/span><\/td>\n<\/tr>\n<tr align=\"left\" valign=\"top\">\n<td>&#8211;<\/td>\n<td><span style=\"font-family: Georgia, 'Times New Roman', 'Bitstream Charter', Times, serif; font-size: 13px; line-height: 19px;\">Es gibt eine Religion: den unentwegten Fortschritt in der rechten Richtung,\u00a0<\/span><span style=\"font-family: Georgia, 'Times New Roman', 'Bitstream Charter', Times, serif; font-size: 13px; line-height: 19px;\">dem Ideal entgegen, durch das der Lebenszweck einer jeden Seele erf\u00fcllt\u00a0<\/span><span style=\"font-family: Georgia, 'Times New Roman', 'Bitstream Charter', Times, serif; font-size: 13px; line-height: 19px;\">wird.<\/span><\/td>\n<\/tr>\n<tr align=\"left\" valign=\"top\">\n<td>&#8211;<\/td>\n<td><span style=\"font-family: Georgia, 'Times New Roman', 'Bitstream Charter', Times, serif; font-size: 13px; line-height: 19px;\">Es gibt ein Gesetz: das Gesetz der Gegenseitigkeit, das von einem\u00a0<\/span><span style=\"font-family: Georgia, 'Times New Roman', 'Bitstream Charter', Times, serif; font-size: 13px; line-height: 19px;\">selbstlosen Gewissen, verbunden mit einem erwachten\u00a0<\/span><span style=\"font-family: Georgia, 'Times New Roman', 'Bitstream Charter', Times, serif; font-size: 13px; line-height: 19px;\">Gerechtigkeitsgef\u00fchl, erf\u00fcllt werden kann.<\/span><\/td>\n<\/tr>\n<tr align=\"left\" valign=\"top\">\n<td>&#8211;<\/td>\n<td><span style=\"font-family: Georgia, 'Times New Roman', 'Bitstream Charter', Times, serif; font-size: 13px; line-height: 19px;\">Es gibt eine Familie: die Menschenfamilie, die ohne Unterschiede die Kinder\u00a0<\/span><span style=\"font-family: Georgia, 'Times New Roman', 'Bitstream Charter', Times, serif; font-size: 13px; line-height: 19px;\">der Erde in der Elternschaft Gottes vereint.<\/span><\/td>\n<\/tr>\n<tr align=\"left\" valign=\"top\">\n<td>&#8211;<\/td>\n<td><span style=\"font-family: Georgia, 'Times New Roman', 'Bitstream Charter', Times, serif; font-size: 13px; line-height: 19px;\">Es gibt eine Moral: die Liebe, die das Wohl des Ganzen vor das eigene stellt\u00a0<\/span><span style=\"font-family: Georgia, 'Times New Roman', 'Bitstream Charter', Times, serif; font-size: 13px; line-height: 19px;\">und in der Hingabe aufbl\u00fcht.<\/span><\/td>\n<\/tr>\n<tr align=\"left\" valign=\"top\">\n<td>&#8211;<\/td>\n<td><span style=\"font-family: Georgia, 'Times New Roman', 'Bitstream Charter', Times, serif; font-size: 13px; line-height: 19px;\">Es gibt einen Gegenstand des Lobes: die Sch\u00f6nheit, die das Herz des\u00a0<\/span><span style=\"font-family: Georgia, 'Times New Roman', 'Bitstream Charter', Times, serif; font-size: 13px; line-height: 19px;\">Anbeters durch alle Erscheinungen hindurch vom Sichtbaren zum\u00a0<\/span><span style=\"font-family: Georgia, 'Times New Roman', 'Bitstream Charter', Times, serif; font-size: 13px; line-height: 19px;\">Unsichtbaren erhebt.<\/span><\/td>\n<\/tr>\n<tr align=\"left\" valign=\"top\">\n<td>&#8211;<\/td>\n<td><span style=\"font-family: Georgia, 'Times New Roman', 'Bitstream Charter', Times, serif; font-size: 13px; line-height: 19px;\">Es gibt eine Wahrheit: die wahre Kenntnis unseres \u00c4usseren und inneren\u00a0<\/span><span style=\"font-family: Georgia, 'Times New Roman', 'Bitstream Charter', Times, serif; font-size: 13px; line-height: 19px;\">Wesens, die der Kern aller Weisheit ist.<\/span><\/td>\n<\/tr>\n<tr align=\"left\" valign=\"top\">\n<td>&#8211;<\/td>\n<td><span style=\"font-family: Georgia, 'Times New Roman', 'Bitstream Charter', Times, serif; font-size: 13px; line-height: 19px;\">Es gibt einen Pfad: den der Aufl\u00f6sung des falschen Ego im wahren Selbst,\u00a0<\/span><span style=\"font-family: Georgia, 'Times New Roman', 'Bitstream Charter', Times, serif; font-size: 13px; line-height: 19px;\">welches den Sterblichen zur Unsterblichkeit erhebt, der alle Vollkommenheit\u00a0<\/span><span style=\"font-family: Georgia, 'Times New Roman', 'Bitstream Charter', Times, serif; font-size: 13px; line-height: 19px;\">innewohnt.<\/span><\/td>\n<\/tr>\n<\/tbody>\n<\/table>\n<p>&nbsp;<\/p>\n<p><a title=\"Sufi Meditation\" href=\"https:\/\/ya-wali.de\/index.php\/programm\/sufi-meditation-in-muenchen\/\">Regelm\u00e4\u00dfige Meditationsabende<\/a> im Heil- und Meditationszentrum YA WALI \u00a0&#8211; jeweils Dienstags ab 19:30 Uhr, 20.00 Uhr Meditation \u00a0(au\u00dfer in den Schulferien).<\/p>\n","protected":false},"excerpt":{"rendered":"<p>Sufismus ist eine uralte Weisheit und zugleich eine Methode der geistigen Schulung, die den Menschen bef\u00e4higen soll, diese Weisheit in seinem t\u00e4glichen Leben zu verwirklichen. Wer dem Universalen Sufismus folgen will, wie ihn Hazrat Inayat Khan und seine Nachfolger gelehrt haben und lehren, ist nicht auf bestimmte Dogmen, Rituale oder spirituelle Techniken festgelegt. Der Universale [&hellip;]<\/p>\n","protected":false},"author":5,"featured_media":0,"parent":0,"menu_order":0,"comment_status":"closed","ping_status":"closed","template":"single.php","meta":{"footnotes":""},"class_list":["post-13","page","type-page","status-publish","hentry"],"_links":{"self":[{"href":"https:\/\/ya-wali.de\/index.php\/wp-json\/wp\/v2\/pages\/13","targetHints":{"allow":["GET"]}}],"collection":[{"href":"https:\/\/ya-wali.de\/index.php\/wp-json\/wp\/v2\/pages"}],"about":[{"href":"https:\/\/ya-wali.de\/index.php\/wp-json\/wp\/v2\/types\/page"}],"author":[{"embeddable":true,"href":"https:\/\/ya-wali.de\/index.php\/wp-json\/wp\/v2\/users\/5"}],"replies":[{"embeddable":true,"href":"https:\/\/ya-wali.de\/index.php\/wp-json\/wp\/v2\/comments?post=13"}],"version-history":[{"count":9,"href":"https:\/\/ya-wali.de\/index.php\/wp-json\/wp\/v2\/pages\/13\/revisions"}],"predecessor-version":[{"id":131887,"href":"https:\/\/ya-wali.de\/index.php\/wp-json\/wp\/v2\/pages\/13\/revisions\/131887"}],"wp:attachment":[{"href":"https:\/\/ya-wali.de\/index.php\/wp-json\/wp\/v2\/media?parent=13"}],"curies":[{"name":"wp","href":"https:\/\/api.w.org\/{rel}","templated":true}]}}