{"id":119686,"date":"2018-05-21T14:15:56","date_gmt":"2018-05-21T12:15:56","guid":{"rendered":"https:\/\/ya-wali.de\/?page_id=119686"},"modified":"2021-02-23T22:09:38","modified_gmt":"2021-02-23T21:09:38","slug":"newsletter-2","status":"publish","type":"page","link":"https:\/\/ya-wali.de\/index.php\/newsletter-2\/","title":{"rendered":"Newsletter"},"content":{"rendered":"<p style=\"text-align: justify;\">Hier k\u00f6nnen Sie sich zu unserem Newsletter anmelden.\u00a0Die mit dem folgenden Formular erhobenen Daten werden ausschlie\u00dflich zur Information \u00fcber Veranstaltungen im YA WALI in elektronischer Form verwendet.\u00a0\u00a0Es erfolgt keine Weitergabe Ihrer Daten an Dritte.<br \/>\n<span style=\"color: #ffffff;\">.<\/span><\/p>\n<p style=\"text-align: justify;\">Nach Absenden des Formulars erhalten Sie eine Best\u00e4tigungs-Email an Ihre angegebene Emailadresse mit einem Link zur Aktivierung des Newsletterempfangs. Nach Aktivierung des Links erhalten Sie in unregelm\u00e4\u00dfigen Abst\u00e4nden Informationen \u00fcber aktuelle Veranstaltungen im YA WALI.\u00a0Sofern Sie die Best\u00e4tigungs-Email ignorieren bzw. l\u00f6schen, werden Sie keine weiteren Informationen von uns erhalten.<\/p>\n<p style=\"text-align: justify;\"><span style=\"color: #ffffff;\">.<\/span><\/p>\n<p style=\"text-align: justify;\">Jeder Newsletter beinhaltet am Ende einen Link zur Abmeldung vom Verteiler.<\/p>\n<p><script src=\"https:\/\/www.google.com\/recaptcha\/api.js\"><\/script><\/p>\n<form action=\"http:\/\/www.ya-wali.de\/swm\/nl.php\" method=\"post\"><input name=\"MailingListId\" type=\"hidden\" value=\"1\" \/><br \/>\n<input name=\"FormId\" type=\"hidden\" value=\"2\" \/><br \/>\n<input name=\"FormEncoding\" type=\"hidden\" value=\"utf-8\" \/><\/p>\n<table border=\"0\" width=\"489\" cellspacing=\"0\" cellpadding=\"0\">\n<tbody>\n<tr>\n<td colspan=\"2\"><strong>Anmeldung zum Newsletter:<\/strong><\/td>\n<\/tr>\n<tr>\n<td colspan=\"2\"><span style=\"color: #ffffff;\">&#8211;<\/span><\/td>\n<\/tr>\n<tr>\n<td valign=\"top\" width=\"202\"><label for=\"u_EMail\">E-Mail-Adresse<\/label>\u00a0*<\/td>\n<td valign=\"top\" width=\"338\"><input id=\"u_EMail\" maxlength=\"255\" name=\"u_EMail\" size=\"50\" type=\"text\" \/><\/td>\n<\/tr>\n<tr>\n<td><label for=\"u_FirstName\"><br \/>\nVorname<\/label><\/td>\n<td><input id=\"u_FirstName\" maxlength=\"255\" name=\"u_FirstName\" size=\"50\" type=\"text\" \/><\/td>\n<\/tr>\n<tr>\n<td colspan=\"2\"><\/td>\n<\/tr>\n<tr>\n<td>Gew\u00fcnschte Aktion<\/td>\n<td><input id=\"Action1\" checked=\"checked\" name=\"Action\" type=\"radio\" value=\"subscribe\" \/><label for=\"Action1\">Anmelden<br \/>\n<\/label><input id=\"Action2\" name=\"Action\" type=\"radio\" value=\"unsubscribe\" \/><label style=\"font-family: inherit; font-size: inherit;\" for=\"Action2\">Abmelden<\/label><\/td>\n<\/tr>\n<tr>\n<td style=\"vertical-align: top;\"><\/td>\n<td>\n<div class=\"g-recaptcha\" data-sitekey=\"6LcccEIaAAAAAPTTbV3hgcoWBYEfq6n0kgbbCjsm\"><\/div>\n<\/td>\n<\/tr>\n<tr>\n<td colspan=\"2\">Mit Angabe meiner Daten und Absenden der Anmeldung erkl\u00e4re ich mich einverstanden, den hier bestellten Newsletter per E-Mail zu erhalten. Meine Daten werden nicht an Dritte weitergegeben. Dieses Einverst\u00e4ndnis kann ich jederzeit widerrufen. Weitere ausf\u00fchrliche Informationen in der\u00a0<a href=\"https:\/\/ya-wali.de\/index.php\/datenschutz\/\" target=\"_blank\" rel=\"noopener\">Datenschutzerkl\u00e4rung<\/a><\/p>\n<p><input id=\"PrivacyPolicyAccepted\" name=\"PrivacyPolicyAccepted\" type=\"checkbox\" value=\"1\" \/><label for=\"PrivacyPolicyAccepted\">Ich akzeptiere die <a href=\"https:\/\/ya-wali.de\/index.php\/datenschutz\/\" target=\"_blank\" rel=\"noopener\">Datenschutzerkl\u00e4rung.<\/a>*<\/label><\/td>\n<\/tr>\n<tr>\n<td colspan=\"2\"><input type=\"submit\" value=\"Absenden\" \/><\/td>\n<\/tr>\n<tr>\n<td colspan=\"2\"><span style=\"color: #ffffff;\">&#8211;<\/span><\/td>\n<\/tr>\n<tr>\n<td colspan=\"2\">Angaben mit * sind Pflichtangaben.<\/td>\n<\/tr>\n<tr>\n<td colspan=\"2\"><span style=\"color: #ffffff;\">&#8211;<\/span><\/td>\n<\/tr>\n<\/tbody>\n<\/table>\n<\/form>\n","protected":false},"excerpt":{"rendered":"<p>Hier k\u00f6nnen Sie sich zu unserem Newsletter anmelden.\u00a0Die mit dem folgenden Formular erhobenen Daten werden ausschlie\u00dflich zur Information \u00fcber Veranstaltungen im YA WALI in elektronischer Form verwendet.\u00a0\u00a0Es erfolgt keine Weitergabe Ihrer Daten an Dritte. . Nach Absenden des Formulars erhalten Sie eine Best\u00e4tigungs-Email an Ihre angegebene Emailadresse mit einem Link zur Aktivierung des Newsletterempfangs. Nach [&hellip;]<\/p>\n","protected":false},"author":5,"featured_media":0,"parent":0,"menu_order":0,"comment_status":"closed","ping_status":"closed","template":"site.php","meta":{"footnotes":""},"class_list":["post-119686","page","type-page","status-publish","hentry"],"_links":{"self":[{"href":"https:\/\/ya-wali.de\/index.php\/wp-json\/wp\/v2\/pages\/119686","targetHints":{"allow":["GET"]}}],"collection":[{"href":"https:\/\/ya-wali.de\/index.php\/wp-json\/wp\/v2\/pages"}],"about":[{"href":"https:\/\/ya-wali.de\/index.php\/wp-json\/wp\/v2\/types\/page"}],"author":[{"embeddable":true,"href":"https:\/\/ya-wali.de\/index.php\/wp-json\/wp\/v2\/users\/5"}],"replies":[{"embeddable":true,"href":"https:\/\/ya-wali.de\/index.php\/wp-json\/wp\/v2\/comments?post=119686"}],"version-history":[{"count":28,"href":"https:\/\/ya-wali.de\/index.php\/wp-json\/wp\/v2\/pages\/119686\/revisions"}],"predecessor-version":[{"id":131930,"href":"https:\/\/ya-wali.de\/index.php\/wp-json\/wp\/v2\/pages\/119686\/revisions\/131930"}],"wp:attachment":[{"href":"https:\/\/ya-wali.de\/index.php\/wp-json\/wp\/v2\/media?parent=119686"}],"curies":[{"name":"wp","href":"https:\/\/api.w.org\/{rel}","templated":true}]}}