{"id":11,"date":"2011-10-30T17:17:04","date_gmt":"2011-10-30T16:17:04","guid":{"rendered":"https:\/\/ya-wali.de\/?page_id=11"},"modified":"2021-02-12T19:09:20","modified_gmt":"2021-02-12T18:09:20","slug":"startseite","status":"publish","type":"page","link":"https:\/\/ya-wali.de\/","title":{"rendered":"Startseite"},"content":{"rendered":"<p>&nbsp;<\/p>\n<p>&nbsp;<\/p>\n<p>&nbsp;<\/p>\n<p>&nbsp;<\/p>\n<p>&nbsp;<\/p>\n<p style=\"text-align: center;\"><img loading=\"lazy\" decoding=\"async\" class=\"logo\" src=\"https:\/\/ya-wali.de\/wp-content\/uploads\/2021\/02\/Logo85.png\" alt=\"\" width=\"85\" height=\"85\" \/><\/p>\n<p style=\"text-align: center;\"><span style=\"text-align: center;\"><div class=\"quoteclass\"> <b>Das YA WALI ist geschlossen!<\/b> <\/br> <br><p style=\"text-align: center;\"><strong>Das YA WALI musste leider zum 01.01.2026 seine Tore schlie\u00dfen.<\/strong><\/p>\r\n<p style=\"text-align: center;\"><strong>Wir sagen von Herzen Danke f\u00fcr 15 Jahre voller Inspiration! Ein gro\u00dfes Dankesch\u00f6n an alle Freunde und Teilnehmer f\u00fcr die gemeinsamen Erlebnisse. <\/strong><\/p>\r\n<p style=\"text-align: center;\"><strong>Wie es in Zukunft weitergeht und welche ausgew\u00e4hlten Veranstaltungen mit Espabad geplant sind, erfahrt ihr in einiger Zeit \u00fcber unseren Newsletter.<\/strong><\/p><\/div><\/span><\/p>\n","protected":false},"excerpt":{"rendered":"<p>&nbsp; &nbsp; &nbsp; &nbsp; &nbsp;<\/p>\n","protected":false},"author":3,"featured_media":0,"parent":0,"menu_order":0,"comment_status":"closed","ping_status":"closed","template":"index.php","meta":{"footnotes":""},"class_list":["post-11","page","type-page","status-publish","hentry"],"_links":{"self":[{"href":"https:\/\/ya-wali.de\/index.php\/wp-json\/wp\/v2\/pages\/11","targetHints":{"allow":["GET"]}}],"collection":[{"href":"https:\/\/ya-wali.de\/index.php\/wp-json\/wp\/v2\/pages"}],"about":[{"href":"https:\/\/ya-wali.de\/index.php\/wp-json\/wp\/v2\/types\/page"}],"author":[{"embeddable":true,"href":"https:\/\/ya-wali.de\/index.php\/wp-json\/wp\/v2\/users\/3"}],"replies":[{"embeddable":true,"href":"https:\/\/ya-wali.de\/index.php\/wp-json\/wp\/v2\/comments?post=11"}],"version-history":[{"count":25,"href":"https:\/\/ya-wali.de\/index.php\/wp-json\/wp\/v2\/pages\/11\/revisions"}],"predecessor-version":[{"id":131906,"href":"https:\/\/ya-wali.de\/index.php\/wp-json\/wp\/v2\/pages\/11\/revisions\/131906"}],"wp:attachment":[{"href":"https:\/\/ya-wali.de\/index.php\/wp-json\/wp\/v2\/media?parent=11"}],"curies":[{"name":"wp","href":"https:\/\/api.w.org\/{rel}","templated":true}]}}